{"id":2901,"date":"2022-06-11T16:24:54","date_gmt":"2022-06-11T14:24:54","guid":{"rendered":"https:\/\/hebammen-ts-bgl.de\/?page_id=2901"},"modified":"2022-09-05T14:54:22","modified_gmt":"2022-09-05T12:54:22","slug":"ambulance-post-partum-annulation","status":"publish","type":"page","link":"https:\/\/hebammen-ts-bgl.de\/fr\/pour-les-femmes-enceintes-les-parents\/ambulance-post-partum-annulation\/","title":{"rendered":"Ambulance post-partum Annulation"},"content":{"rendered":"<section  class='av_textblock_section av-22g3do-aba02fed40dfae40e897a7b662d67b6e '   itemscope=\"itemscope\" itemtype=\"https:\/\/schema.org\/CreativeWork\" ><div class='avia_textblock'  itemprop=\"text\" ><h2>Votre rendez-vous avec le service ambulatoire post-partum a \u00e9t\u00e9 annul\u00e9 !<\/h2>\n<p>pour une autre date, veuillez vous inscrire \u00e0 nouveau via le <a href=\"https:\/\/hebammen-ts-bgl.de\/fr\/?page_id=2902\">formulaire de r\u00e9servation<\/a>.<\/p>\n<\/div><\/section>\n","protected":false},"excerpt":{"rendered":"","protected":false},"author":1,"featured_media":0,"parent":2908,"menu_order":0,"comment_status":"closed","ping_status":"closed","template":"","meta":{"footnotes":""},"class_list":["post-2901","page","type-page","status-publish","hentry"],"yoast_head":"<!-- This site is optimized with the Yoast SEO plugin v27.4 - https:\/\/yoast.com\/product\/yoast-seo-wordpress\/ -->\n<title>Ambulance post-partum Annulation - Netzwerkstelle Hebammenversorgung<\/title>\n<meta name=\"robots\" content=\"noindex, nofollow\" \/>\n<meta property=\"og:locale\" content=\"fr_FR\" \/>\n<meta property=\"og:type\" content=\"article\" \/>\n<meta property=\"og:title\" content=\"Ambulance post-partum Annulation - Netzwerkstelle Hebammenversorgung\" \/>\n<meta property=\"og:url\" content=\"https:\/\/hebammen-ts-bgl.de\/fr\/pour-les-femmes-enceintes-les-parents\/ambulance-post-partum-annulation\/\" \/>\n<meta property=\"og:site_name\" content=\"Netzwerkstelle Hebammenversorgung\" \/>\n<meta property=\"article:modified_time\" content=\"2022-09-05T12:54:22+00:00\" \/>\n<meta name=\"twitter:card\" content=\"summary_large_image\" \/>\n<meta name=\"twitter:label1\" content=\"Dur\u00e9e de lecture estim\u00e9e\" \/>\n\t<meta name=\"twitter:data1\" content=\"1 minute\" \/>\n<script type=\"application\/ld+json\" class=\"yoast-schema-graph\">{\"@context\":\"https:\\\/\\\/schema.org\",\"@graph\":[{\"@type\":\"WebPage\",\"@id\":\"https:\\\/\\\/hebammen-ts-bgl.de\\\/fr\\\/pour-les-femmes-enceintes-les-parents\\\/ambulance-post-partum-annulation\\\/\",\"url\":\"https:\\\/\\\/hebammen-ts-bgl.de\\\/fr\\\/pour-les-femmes-enceintes-les-parents\\\/ambulance-post-partum-annulation\\\/\",\"name\":\"Ambulance post-partum Annulation - Netzwerkstelle Hebammenversorgung\",\"isPartOf\":{\"@id\":\"https:\\\/\\\/hebammen-ts-bgl.de\\\/fr\\\/#website\"},\"datePublished\":\"2022-06-11T14:24:54+00:00\",\"dateModified\":\"2022-09-05T12:54:22+00:00\",\"breadcrumb\":{\"@id\":\"https:\\\/\\\/hebammen-ts-bgl.de\\\/fr\\\/pour-les-femmes-enceintes-les-parents\\\/ambulance-post-partum-annulation\\\/#breadcrumb\"},\"inLanguage\":\"fr-FR\",\"potentialAction\":[{\"@type\":\"ReadAction\",\"target\":[\"https:\\\/\\\/hebammen-ts-bgl.de\\\/fr\\\/pour-les-femmes-enceintes-les-parents\\\/ambulance-post-partum-annulation\\\/\"]}]},{\"@type\":\"BreadcrumbList\",\"@id\":\"https:\\\/\\\/hebammen-ts-bgl.de\\\/fr\\\/pour-les-femmes-enceintes-les-parents\\\/ambulance-post-partum-annulation\\\/#breadcrumb\",\"itemListElement\":[{\"@type\":\"ListItem\",\"position\":1,\"name\":\"Startseite\",\"item\":\"https:\\\/\\\/hebammen-ts-bgl.de\\\/fr\\\/\"},{\"@type\":\"ListItem\",\"position\":2,\"name\":\"Pour les (futurs) parents\",\"item\":\"https:\\\/\\\/hebammen-ts-bgl.de\\\/fr\\\/pour-les-femmes-enceintes-les-parents\\\/\"},{\"@type\":\"ListItem\",\"position\":3,\"name\":\"Ambulance post-partum Annulation\"}]},{\"@type\":\"WebSite\",\"@id\":\"https:\\\/\\\/hebammen-ts-bgl.de\\\/fr\\\/#website\",\"url\":\"https:\\\/\\\/hebammen-ts-bgl.de\\\/fr\\\/\",\"name\":\"Netzwerkstelle Hebammenversorgung\",\"description\":\"\",\"potentialAction\":[{\"@type\":\"SearchAction\",\"target\":{\"@type\":\"EntryPoint\",\"urlTemplate\":\"https:\\\/\\\/hebammen-ts-bgl.de\\\/fr\\\/?s={search_term_string}\"},\"query-input\":{\"@type\":\"PropertyValueSpecification\",\"valueRequired\":true,\"valueName\":\"search_term_string\"}}],\"inLanguage\":\"fr-FR\"}]}<\/script>\n<!-- \/ Yoast SEO plugin. -->","yoast_head_json":{"title":"Ambulance post-partum Annulation - Netzwerkstelle Hebammenversorgung","robots":{"index":"noindex","follow":"nofollow"},"og_locale":"fr_FR","og_type":"article","og_title":"Ambulance post-partum Annulation - Netzwerkstelle Hebammenversorgung","og_url":"https:\/\/hebammen-ts-bgl.de\/fr\/pour-les-femmes-enceintes-les-parents\/ambulance-post-partum-annulation\/","og_site_name":"Netzwerkstelle Hebammenversorgung","article_modified_time":"2022-09-05T12:54:22+00:00","twitter_card":"summary_large_image","twitter_misc":{"Dur\u00e9e de lecture estim\u00e9e":"1 minute"},"schema":{"@context":"https:\/\/schema.org","@graph":[{"@type":"WebPage","@id":"https:\/\/hebammen-ts-bgl.de\/fr\/pour-les-femmes-enceintes-les-parents\/ambulance-post-partum-annulation\/","url":"https:\/\/hebammen-ts-bgl.de\/fr\/pour-les-femmes-enceintes-les-parents\/ambulance-post-partum-annulation\/","name":"Ambulance post-partum Annulation - Netzwerkstelle Hebammenversorgung","isPartOf":{"@id":"https:\/\/hebammen-ts-bgl.de\/fr\/#website"},"datePublished":"2022-06-11T14:24:54+00:00","dateModified":"2022-09-05T12:54:22+00:00","breadcrumb":{"@id":"https:\/\/hebammen-ts-bgl.de\/fr\/pour-les-femmes-enceintes-les-parents\/ambulance-post-partum-annulation\/#breadcrumb"},"inLanguage":"fr-FR","potentialAction":[{"@type":"ReadAction","target":["https:\/\/hebammen-ts-bgl.de\/fr\/pour-les-femmes-enceintes-les-parents\/ambulance-post-partum-annulation\/"]}]},{"@type":"BreadcrumbList","@id":"https:\/\/hebammen-ts-bgl.de\/fr\/pour-les-femmes-enceintes-les-parents\/ambulance-post-partum-annulation\/#breadcrumb","itemListElement":[{"@type":"ListItem","position":1,"name":"Startseite","item":"https:\/\/hebammen-ts-bgl.de\/fr\/"},{"@type":"ListItem","position":2,"name":"Pour les (futurs) parents","item":"https:\/\/hebammen-ts-bgl.de\/fr\/pour-les-femmes-enceintes-les-parents\/"},{"@type":"ListItem","position":3,"name":"Ambulance post-partum Annulation"}]},{"@type":"WebSite","@id":"https:\/\/hebammen-ts-bgl.de\/fr\/#website","url":"https:\/\/hebammen-ts-bgl.de\/fr\/","name":"Netzwerkstelle Hebammenversorgung","description":"","potentialAction":[{"@type":"SearchAction","target":{"@type":"EntryPoint","urlTemplate":"https:\/\/hebammen-ts-bgl.de\/fr\/?s={search_term_string}"},"query-input":{"@type":"PropertyValueSpecification","valueRequired":true,"valueName":"search_term_string"}}],"inLanguage":"fr-FR"}]}},"_links":{"self":[{"href":"https:\/\/hebammen-ts-bgl.de\/fr\/wp-json\/wp\/v2\/pages\/2901","targetHints":{"allow":["GET"]}}],"collection":[{"href":"https:\/\/hebammen-ts-bgl.de\/fr\/wp-json\/wp\/v2\/pages"}],"about":[{"href":"https:\/\/hebammen-ts-bgl.de\/fr\/wp-json\/wp\/v2\/types\/page"}],"author":[{"embeddable":true,"href":"https:\/\/hebammen-ts-bgl.de\/fr\/wp-json\/wp\/v2\/users\/1"}],"replies":[{"embeddable":true,"href":"https:\/\/hebammen-ts-bgl.de\/fr\/wp-json\/wp\/v2\/comments?post=2901"}],"version-history":[{"count":3,"href":"https:\/\/hebammen-ts-bgl.de\/fr\/wp-json\/wp\/v2\/pages\/2901\/revisions"}],"predecessor-version":[{"id":2931,"href":"https:\/\/hebammen-ts-bgl.de\/fr\/wp-json\/wp\/v2\/pages\/2901\/revisions\/2931"}],"up":[{"embeddable":true,"href":"https:\/\/hebammen-ts-bgl.de\/fr\/wp-json\/wp\/v2\/pages\/2908"}],"wp:attachment":[{"href":"https:\/\/hebammen-ts-bgl.de\/fr\/wp-json\/wp\/v2\/media?parent=2901"}],"curies":[{"name":"wp","href":"https:\/\/api.w.org\/{rel}","templated":true}]}}