{"id":2902,"date":"2022-05-28T14:52:55","date_gmt":"2022-05-28T12:52:55","guid":{"rendered":"https:\/\/hebammen-ts-bgl.de\/?page_id=2902"},"modified":"2026-01-15T13:54:01","modified_gmt":"2026-01-15T12:54:01","slug":"service-ambulatoire-post-partum","status":"publish","type":"page","link":"https:\/\/hebammen-ts-bgl.de\/fr\/pour-les-femmes-enceintes-les-parents\/service-ambulatoire-post-partum\/","title":{"rendered":"Service ambulatoire post-partum"},"content":{"rendered":"<section  class='av_textblock_section av-l3pv6xv9-fc0f07d0c25b56f8958b2a831b5a3a67 '   itemscope=\"itemscope\" itemtype=\"https:\/\/schema.org\/CreativeWork\" ><div class='avia_textblock'  itemprop=\"text\" ><h2>Services ambulatoires de maternit\u00e9 et d&rsquo;allaitement dans les districts de Traunstein et BGL<\/h2>\n<p>Vous pouvez consulter nos services ambulatoires post-partum si vous n&rsquo;avez pas trouv\u00e9 de sage-femme, si votre sage-femme est malade ou en vacances.<\/p>\n<p>R\u00e9servez ici un rendez-vous aupr\u00e8s d&rsquo;un service ambulatoire postnatal dans votre r\u00e9gion.<\/p>\n<h3>Traunstein :<\/h3>\n<ul>\n<li>Consultations tous les lundis de 13h00 \u00e0 13h30 au Gesundheitsamt Traunstein, salle E.42, Herzog-Friedrich-Str. 6, 83278 Traunstein<\/li>\n<\/ul>\n<p><img loading=\"lazy\" decoding=\"async\" class=\"alignnone wp-image-2579\" src=\"https:\/\/hebammen-ts-bgl.de\/wp-content\/uploads\/2022\/07\/Hebammen-Wochenbettambulanz-Traunstein-scaled-e1657525694158-225x300.jpg\" alt=\"\" width=\"171\" height=\"228\" srcset=\"https:\/\/hebammen-ts-bgl.de\/wp-content\/uploads\/2022\/07\/Hebammen-Wochenbettambulanz-Traunstein-scaled-e1657525694158-225x300.jpg 225w, https:\/\/hebammen-ts-bgl.de\/wp-content\/uploads\/2022\/07\/Hebammen-Wochenbettambulanz-Traunstein-scaled-e1657525694158-773x1030.jpg 773w, https:\/\/hebammen-ts-bgl.de\/wp-content\/uploads\/2022\/07\/Hebammen-Wochenbettambulanz-Traunstein-scaled-e1657525694158-768x1024.jpg 768w, https:\/\/hebammen-ts-bgl.de\/wp-content\/uploads\/2022\/07\/Hebammen-Wochenbettambulanz-Traunstein-scaled-e1657525694158-300x400.jpg 300w, https:\/\/hebammen-ts-bgl.de\/wp-content\/uploads\/2022\/07\/Hebammen-Wochenbettambulanz-Traunstein-scaled-e1657525694158-1152x1536.jpg 1152w, https:\/\/hebammen-ts-bgl.de\/wp-content\/uploads\/2022\/07\/Hebammen-Wochenbettambulanz-Traunstein-scaled-e1657525694158-1536x2048.jpg 1536w, https:\/\/hebammen-ts-bgl.de\/wp-content\/uploads\/2022\/07\/Hebammen-Wochenbettambulanz-Traunstein-scaled-e1657525694158-1125x1500.jpg 1125w, https:\/\/hebammen-ts-bgl.de\/wp-content\/uploads\/2022\/07\/Hebammen-Wochenbettambulanz-Traunstein-scaled-e1657525694158-529x705.jpg 529w, https:\/\/hebammen-ts-bgl.de\/wp-content\/uploads\/2022\/07\/Hebammen-Wochenbettambulanz-Traunstein-scaled-e1657525694158.jpg 1920w\" sizes=\"auto, (max-width: 171px) 100vw, 171px\" \/><\/p>\n<h3>La r\u00e9gion de Berchtesgaden :<\/h3>\n<p>en alternance hebdomadaire<\/p>\n<ul>\n<li>1 semaine Consultations le mercredi de 9h \u00e0 12h au cabinet de sages-femmes \u00ab\u00a0Neues Leben\u00a0\u00bb, Jechlinger Str. 18, 83454 Anger<\/li>\n<li>1 semaine de consultation le jeudi de 09h00 \u00e0 12h00 au cabinet de gyn\u00e9cologie et d&rsquo;obst\u00e9trique de la Kreisklinik Freilassing, Vinzentiusstr. 56, 83395 Freilassing<\/li>\n<\/ul>\n<h6><img decoding=\"async\" style=\"margin: 0px; font-size: 16px; font-weight: 400;\" src=\"https:\/\/hebammen-ts-bgl.de\/wp-content\/uploads\/2025\/10\/Neues-Foto-Freilassing.jpg\"> <img loading=\"lazy\" decoding=\"async\" class=\"\" src=\"https:\/\/hebammen-ts-bgl.de\/wp-content\/uploads\/2025\/10\/Neues-Foto-Aufham_Freilassing.jpg\" width=\"239\" height=\"319\"><\/h6>\n<p>\u00c9quipe BGL<\/p>\n<h3>Trostberg :<\/h3>\n<ul>\n<li>Consultations tous les mercredis de 9h \u00e0 10h30 \u00e0 Traunsteiner Str. 10, 83308 Trostberg<\/li>\n<li>Information importante : une place de parking parents-enfants est disponible du c\u00f4t\u00e9 du parking de la rang\u00e9e de maisons.<\/li>\n<\/ul>\n<h6><img loading=\"lazy\" decoding=\"async\" class=\"alignnone size-medium wp-image-3294\" src=\"https:\/\/hebammen-ts-bgl.de\/wp-content\/uploads\/2024\/09\/IMG_20240729_164044-300x232.jpg\" alt=\"\u00c9quipe Trosberg\" width=\"300\" height=\"232\" srcset=\"https:\/\/hebammen-ts-bgl.de\/wp-content\/uploads\/2024\/09\/IMG_20240729_164044-300x232.jpg 300w, https:\/\/hebammen-ts-bgl.de\/wp-content\/uploads\/2024\/09\/IMG_20240729_164044-1030x797.jpg 1030w, https:\/\/hebammen-ts-bgl.de\/wp-content\/uploads\/2024\/09\/IMG_20240729_164044-768x594.jpg 768w, https:\/\/hebammen-ts-bgl.de\/wp-content\/uploads\/2024\/09\/IMG_20240729_164044-1536x1188.jpg 1536w, https:\/\/hebammen-ts-bgl.de\/wp-content\/uploads\/2024\/09\/IMG_20240729_164044-2048x1584.jpg 2048w, https:\/\/hebammen-ts-bgl.de\/wp-content\/uploads\/2024\/09\/IMG_20240729_164044-1500x1160.jpg 1500w, https:\/\/hebammen-ts-bgl.de\/wp-content\/uploads\/2024\/09\/IMG_20240729_164044-705x545.jpg 705w\" sizes=\"auto, (max-width: 300px) 100vw, 300px\" \/><\/h6>\n<p>\u00c9quipe de Trostberg<\/p>\n<h3><\/h3>\n<h3><\/h3>\n<h3><\/h3>\n<h3><\/h3>\n<h3><\/h3>\n<h3>Informations g\u00e9n\u00e9rales sur la visite<\/h3>\n<p><strong>Veuillez vous pr\u00e9senter<\/strong><strong>ez \u00e0 l&rsquo;heure et apportez \u00e0 chaque visite :<\/strong><\/p>\n<ul>\n<li>carte d&rsquo;assurance maladie en cours de validit\u00e9<\/li>\n<li>Passeport de la m\u00e8re<\/li>\n<li>Carnet d&rsquo;examen des enfants<\/li>\n<li>Feuille de transmission de la clinique ou d&rsquo;une autre sage-femme (si disponible)<\/li>\n<li>Serviette \/ matelas \u00e0 langer<\/li>\n<li>des couches propres<\/li>\n<\/ul>\n<p>Dans le formulaire ci-dessous, vous pouvez r\u00e9server directement votre rendez-vous jusqu&rsquo;\u00e0 24 heures \u00e0 l&rsquo;avance :<\/p>\n<\/div><\/section>\n\n<style type=\"text\/css\" data-created_by=\"avia_inline_auto\" id=\"style-css-av-2c8vyi-8354f0646047c88bd79f2e8db41e8f04\">\n#top .av_textblock_section.av-2c8vyi-8354f0646047c88bd79f2e8db41e8f04 .avia_textblock{\npadding:100px 0 100px 0;\n}\n<\/style>\n<section  class='av_textblock_section av-2c8vyi-8354f0646047c88bd79f2e8db41e8f04 '   itemscope=\"itemscope\" itemtype=\"https:\/\/schema.org\/CreativeWork\" ><div class='avia_textblock'  itemprop=\"text\" ><!--\nPlugin Name: Bookly - Responsive WordPress Appointment Booking and Scheduling Plugin\nPlugin URI: https:\/\/www.booking-wp-plugin.com\/?utm_source=bookly_admin&utm_medium=plugins_page&utm_campaign=plugins_page\nVersion: 27.5-->\n<style type=\"text\/css\">\n    :root {\n        --bookly-main-color: #8ab68a !important;\n        --bookly-color: #8ab68a !important;\n    }\n\n        .bookly-box, .bookly-box b, #top .bookly-form-group label {\nfont-size:1.2em;\n}\n#bookly-form-62b703c0478a4 {\nmargin-bottom:200px;\n}    <\/style><div class=\"bookly-css-root\">\n    <div id=\"bookly-form-container-69ecbed56571c\" class=\"bookly-form\" data-form_id=\"\" aria-live=\"polite\">\n        <div style=\"text-align: center\"><img decoding=\"async\" src=\"https:\/\/hebammen-ts-bgl.de\/wp-includes\/js\/tinymce\/skins\/lightgray\/img\/loader.gif\" alt=\"Chargement...\"\/><\/div>\n    <\/div>\n<\/div>\n<script type=\"text\/javascript\">\n    (function (win, fn) {\n        var done = false, top = true,\n            doc = win.document,\n            root = doc.documentElement,\n            modern = doc.addEventListener,\n            add = modern ? 'addEventListener' : 'attachEvent',\n            rem = modern ? 'removeEventListener' : 'detachEvent',\n            pre = modern ? '' : 'on',\n            init = function (e) {\n                if (e.type == 'readystatechange') if (doc.readyState != 'complete') return;\n                (e.type == 'load' ? win : doc)[rem](pre + e.type, init, false);\n                if (!done) {\n                    done = true;\n                    fn.call(win, e.type || e);\n                }\n            },\n            poll = function () {\n                try {\n                    root.doScroll('left');\n                } catch (e) {\n                    setTimeout(poll, 50);\n                    return;\n                }\n                init('poll');\n            };\n        if (doc.readyState == 'complete') fn.call(win, 'lazy');\n        else {\n            if (!modern) if (root.doScroll) {\n                try {\n                    top = !win.frameElement;\n                } catch (e) {\n                }\n                if (top) poll();\n            }\n            doc[add](pre + 'DOMContentLoaded', init, false);\n            doc[add](pre + 'readystatechange', init, false);\n            win[add](pre + 'load', init, false);\n        }\n    })(window, function () {\n        window.bookly( {\"form_id\":\"69ecbed56571c\",\"form_data\":{\"skip_service_step\":0,\"hide_service_part1\":0,\"hide_service_part2\":0,\"defaults\":{\"service_id\":0,\"staff_id\":0,\"location_id\":0,\"category_id\":4,\"units\":0,\"date_from\":0,\"time_from\":0,\"time_to\":0}},\"status\":{\"booking\":\"new\"},\"form_token\":null,\"skip_steps\":{\"service_part1\":0,\"service_part2\":0,\"extras\":1,\"time\":0,\"repeat\":1,\"cart\":1},\"errors\":{\"session_error\":\"Erreur Session.\",\"form_id_error\":\"ID Formulaire d'erreur.\",\"cart_item_not_available\":\"L'heure r\\u00e9gl\\u00e9e n'existe plus. Veuillez choisir un autre cr\\u00e9neau horaire\\n.\",\"pay_locally_not_available\":\"Le paiement local n'est pas disponible.\",\"invalid_gateway\":\"Portail invalide.\",\"payment_error\":\"Erreur.\",\"incorrect_username_password\":\"Identifiant ou mot de passe incorrect.\"},\"form_attributes\":{\"hide_categories\":true,\"hide_services\":false,\"hide_staff_members\":false,\"show_number_of_persons\":false,\"hide_service_duration\":true,\"hide_locations\":true,\"hide_quantity\":true,\"hide_date\":false,\"hide_week_days\":true,\"hide_time_range\":true,\"const_category_id\":4},\"use_client_time_zone\":0,\"defaults\":{\"service_id\":0,\"staff_id\":0,\"location_id\":0,\"category_id\":4},\"datepicker_mode\":\"text-accent\",\"facebook\":{\"enabled\":0,\"appId\":\"\"}} );\n    });\n<\/script>\n<\/div><\/section>\n\n<style type=\"text\/css\" data-created_by=\"avia_inline_auto\" id=\"style-css-av-ldlqbyc4-3a294d341df1e34f8957e81a3d1bbb73\">\n#top .av_textblock_section.av-ldlqbyc4-3a294d341df1e34f8957e81a3d1bbb73 .avia_textblock{\npadding:0 0 0 0;\n}\n<\/style>\n<section  class='av_textblock_section av-ldlqbyc4-3a294d341df1e34f8957e81a3d1bbb73 '   itemscope=\"itemscope\" itemtype=\"https:\/\/schema.org\/CreativeWork\" ><div class='av-desktop-hide av-medium-hide av-small-hide av-mini-hide avia_textblock'  itemprop=\"text\" ><h3>Num\u00e9ros de t\u00e9l\u00e9phone centraux pour les rendez-vous \u00e0 court terme (permanence t\u00e9l\u00e9phonique) :<\/h3>\n<p>Dans les cas aigus, apr\u00e8s avoir consult\u00e9 au pr\u00e9alable la sage-femme de garde par t\u00e9l\u00e9phone et en cas de disponibilit\u00e9s, vous pouvez \u00e9galement vous rendre au service ambulatoire des suites de couches et de l&rsquo;allaitement le jour m\u00eame.<\/p>\n<p>Les sites respectifs sont joignables aux num\u00e9ros de t\u00e9l\u00e9phone et heures de consultation suivants :<\/p>\n<p>Ambulance post-partum BGL (en alternance hebdomadaire !):<\/p>\n<ul>\n<li>  Anger : mercredi, de 8h30 \u00e0 12h15 (07\/02, 21\/02, etc.)<\/li>\n<li>Freilassing : jeudi de 08h30 \u00e0 12h15 (15.02., 29.02., etc.)<\/li>\n<\/ul>\n<p>Num\u00e9ro d&rsquo;appel : <strong>0151 23369673<\/strong><\/p>\n<p>Service ambulatoire post-partum de Traunstein :<\/p>\n<ul>\n<li>tous les lundis, de 13h00 \u00e0 14h00<\/li>\n<\/ul>\n<p>Num\u00e9ro d&rsquo;appel : <strong>0175 9463856<\/strong><\/p>\n<p>Service ambulatoire post-partum de Trostberg :<\/p>\n<ul>\n<li>Mercredi, de 08h45 \u00e0 10h30<\/li>\n<\/ul>\n<p>Num\u00e9ro d&rsquo;appel : <strong>0175 9463856<\/strong><\/p>\n<p><strong>Le num\u00e9ro d&rsquo;appel et les heures de consultation t\u00e9l\u00e9phonique servent uniquement \u00e0 la prise de rendez-vous \u00e0 court terme. Pour prendre un rendez-vous dans les 24 heures ou plus, veuillez utiliser le service de r\u00e9servation de rendez-vous sur la page d&rsquo;accueil (ci-dessus). Merci beaucoup.<\/strong><\/p>\n<\/div><\/section>\n<section  class='av_textblock_section av-mioo9p7r-fa02c8f9d06f0f9c280211fc4834f0e0 '   itemscope=\"itemscope\" itemtype=\"https:\/\/schema.org\/CreativeWork\" ><div class='avia_textblock'  itemprop=\"text\" ><h2>Rendez-vous \u00e0 court terme<\/h2>\n<p>Pour les rendez-vous \u00e0 court terme, vous pouvez demander \u00e0 \u00eatre rappel\u00e9 pendant les heures de permanence du service ambulatoire concern\u00e9, indiqu\u00e9es ci-dessous.<\/p>\n<p>(Les formulaires de demande ne sont actifs qu&rsquo;aux heures correspondantes, il se peut donc que vous deviez actualiser\/recharger la page une nouvelle fois !)<\/p>\n<p><strong>Traunstein :<\/strong><\/p>\n<p>Lundi de 13h00 \u00e0 14h00<\/p>\n\n<p><strong>La r\u00e9gion de Berchtesgaden :<\/strong><\/p>\n<p>en alternance hebdomadaire<\/p>\n<p><strong>Anger<\/strong><\/p>\n<p>Un mercredi sur deux de 8h30 \u00e0 12h15<\/p>\n\n<p><strong>Freilassing<\/strong><\/p>\n<p>Un jeudi sur deux de 8h30 \u00e0 12h15<\/p>\n\n<p><strong>Trostberg :<\/strong><\/p>\n<p>Mercredi de 8h45 \u00e0 10h30<\/p>\n\n<p>(Les formulaires de demande ne sont actifs qu&rsquo;aux heures correspondantes, il se peut donc que vous deviez actualiser\/recharger la page une nouvelle fois !)<\/p>\n<\/div><\/section>\n","protected":false},"excerpt":{"rendered":"","protected":false},"author":1,"featured_media":0,"parent":2908,"menu_order":0,"comment_status":"closed","ping_status":"closed","template":"","meta":{"footnotes":""},"class_list":["post-2902","page","type-page","status-publish","hentry"],"yoast_head":"<!-- This site is optimized with the Yoast SEO plugin v27.4 - https:\/\/yoast.com\/product\/yoast-seo-wordpress\/ -->\n<title>Service ambulatoire post-partum - Netzwerkstelle Hebammenversorgung<\/title>\n<meta name=\"robots\" content=\"index, follow, max-snippet:-1, max-image-preview:large, max-video-preview:-1\" \/>\n<link rel=\"canonical\" href=\"https:\/\/hebammen-ts-bgl.de\/fr\/pour-les-femmes-enceintes-les-parents\/service-ambulatoire-post-partum\/\" \/>\n<meta property=\"og:locale\" content=\"fr_FR\" \/>\n<meta property=\"og:type\" content=\"article\" \/>\n<meta property=\"og:title\" content=\"Service ambulatoire post-partum - Netzwerkstelle Hebammenversorgung\" \/>\n<meta property=\"og:url\" content=\"https:\/\/hebammen-ts-bgl.de\/fr\/pour-les-femmes-enceintes-les-parents\/service-ambulatoire-post-partum\/\" \/>\n<meta property=\"og:site_name\" content=\"Netzwerkstelle Hebammenversorgung\" \/>\n<meta property=\"article:modified_time\" content=\"2026-01-15T12:54:01+00:00\" \/>\n<meta property=\"og:image\" content=\"https:\/\/hebammen-ts-bgl.de\/wp-content\/uploads\/2022\/07\/Hebammen-Wochenbettambulanz-Traunstein-scaled-e1657525694158-773x1030.jpg\" \/>\n\t<meta property=\"og:image:width\" content=\"773\" \/>\n\t<meta property=\"og:image:height\" content=\"1030\" \/>\n\t<meta property=\"og:image:type\" content=\"image\/jpeg\" \/>\n<meta name=\"twitter:card\" content=\"summary_large_image\" \/>\n<meta name=\"twitter:label1\" content=\"Dur\u00e9e de lecture estim\u00e9e\" \/>\n\t<meta name=\"twitter:data1\" content=\"2 minutes\" \/>\n<script type=\"application\/ld+json\" class=\"yoast-schema-graph\">{\"@context\":\"https:\\\/\\\/schema.org\",\"@graph\":[{\"@type\":\"WebPage\",\"@id\":\"https:\\\/\\\/hebammen-ts-bgl.de\\\/fr\\\/pour-les-femmes-enceintes-les-parents\\\/service-ambulatoire-post-partum\\\/\",\"url\":\"https:\\\/\\\/hebammen-ts-bgl.de\\\/fr\\\/pour-les-femmes-enceintes-les-parents\\\/service-ambulatoire-post-partum\\\/\",\"name\":\"Service ambulatoire post-partum - Netzwerkstelle Hebammenversorgung\",\"isPartOf\":{\"@id\":\"https:\\\/\\\/hebammen-ts-bgl.de\\\/fr\\\/#website\"},\"primaryImageOfPage\":{\"@id\":\"https:\\\/\\\/hebammen-ts-bgl.de\\\/fr\\\/pour-les-femmes-enceintes-les-parents\\\/service-ambulatoire-post-partum\\\/#primaryimage\"},\"image\":{\"@id\":\"https:\\\/\\\/hebammen-ts-bgl.de\\\/fr\\\/pour-les-femmes-enceintes-les-parents\\\/service-ambulatoire-post-partum\\\/#primaryimage\"},\"thumbnailUrl\":\"https:\\\/\\\/hebammen-ts-bgl.de\\\/wp-content\\\/uploads\\\/2022\\\/07\\\/Hebammen-Wochenbettambulanz-Traunstein-scaled-e1657525694158-225x300.jpg\",\"datePublished\":\"2022-05-28T12:52:55+00:00\",\"dateModified\":\"2026-01-15T12:54:01+00:00\",\"breadcrumb\":{\"@id\":\"https:\\\/\\\/hebammen-ts-bgl.de\\\/fr\\\/pour-les-femmes-enceintes-les-parents\\\/service-ambulatoire-post-partum\\\/#breadcrumb\"},\"inLanguage\":\"fr-FR\",\"potentialAction\":[{\"@type\":\"ReadAction\",\"target\":[\"https:\\\/\\\/hebammen-ts-bgl.de\\\/fr\\\/pour-les-femmes-enceintes-les-parents\\\/service-ambulatoire-post-partum\\\/\"]}]},{\"@type\":\"ImageObject\",\"inLanguage\":\"fr-FR\",\"@id\":\"https:\\\/\\\/hebammen-ts-bgl.de\\\/fr\\\/pour-les-femmes-enceintes-les-parents\\\/service-ambulatoire-post-partum\\\/#primaryimage\",\"url\":\"https:\\\/\\\/hebammen-ts-bgl.de\\\/wp-content\\\/uploads\\\/2022\\\/07\\\/Hebammen-Wochenbettambulanz-Traunstein-scaled-e1657525694158-225x300.jpg\",\"contentUrl\":\"https:\\\/\\\/hebammen-ts-bgl.de\\\/wp-content\\\/uploads\\\/2022\\\/07\\\/Hebammen-Wochenbettambulanz-Traunstein-scaled-e1657525694158-225x300.jpg\"},{\"@type\":\"BreadcrumbList\",\"@id\":\"https:\\\/\\\/hebammen-ts-bgl.de\\\/fr\\\/pour-les-femmes-enceintes-les-parents\\\/service-ambulatoire-post-partum\\\/#breadcrumb\",\"itemListElement\":[{\"@type\":\"ListItem\",\"position\":1,\"name\":\"Startseite\",\"item\":\"https:\\\/\\\/hebammen-ts-bgl.de\\\/fr\\\/\"},{\"@type\":\"ListItem\",\"position\":2,\"name\":\"Pour les (futurs) parents\",\"item\":\"https:\\\/\\\/hebammen-ts-bgl.de\\\/fr\\\/pour-les-femmes-enceintes-les-parents\\\/\"},{\"@type\":\"ListItem\",\"position\":3,\"name\":\"Service ambulatoire post-partum\"}]},{\"@type\":\"WebSite\",\"@id\":\"https:\\\/\\\/hebammen-ts-bgl.de\\\/fr\\\/#website\",\"url\":\"https:\\\/\\\/hebammen-ts-bgl.de\\\/fr\\\/\",\"name\":\"Netzwerkstelle Hebammenversorgung\",\"description\":\"\",\"potentialAction\":[{\"@type\":\"SearchAction\",\"target\":{\"@type\":\"EntryPoint\",\"urlTemplate\":\"https:\\\/\\\/hebammen-ts-bgl.de\\\/fr\\\/?s={search_term_string}\"},\"query-input\":{\"@type\":\"PropertyValueSpecification\",\"valueRequired\":true,\"valueName\":\"search_term_string\"}}],\"inLanguage\":\"fr-FR\"}]}<\/script>\n<!-- \/ Yoast SEO plugin. -->","yoast_head_json":{"title":"Service ambulatoire post-partum - Netzwerkstelle Hebammenversorgung","robots":{"index":"index","follow":"follow","max-snippet":"max-snippet:-1","max-image-preview":"max-image-preview:large","max-video-preview":"max-video-preview:-1"},"canonical":"https:\/\/hebammen-ts-bgl.de\/fr\/pour-les-femmes-enceintes-les-parents\/service-ambulatoire-post-partum\/","og_locale":"fr_FR","og_type":"article","og_title":"Service ambulatoire post-partum - Netzwerkstelle Hebammenversorgung","og_url":"https:\/\/hebammen-ts-bgl.de\/fr\/pour-les-femmes-enceintes-les-parents\/service-ambulatoire-post-partum\/","og_site_name":"Netzwerkstelle Hebammenversorgung","article_modified_time":"2026-01-15T12:54:01+00:00","og_image":[{"width":773,"height":1030,"url":"https:\/\/hebammen-ts-bgl.de\/wp-content\/uploads\/2022\/07\/Hebammen-Wochenbettambulanz-Traunstein-scaled-e1657525694158-773x1030.jpg","type":"image\/jpeg"}],"twitter_card":"summary_large_image","twitter_misc":{"Dur\u00e9e de lecture estim\u00e9e":"2 minutes"},"schema":{"@context":"https:\/\/schema.org","@graph":[{"@type":"WebPage","@id":"https:\/\/hebammen-ts-bgl.de\/fr\/pour-les-femmes-enceintes-les-parents\/service-ambulatoire-post-partum\/","url":"https:\/\/hebammen-ts-bgl.de\/fr\/pour-les-femmes-enceintes-les-parents\/service-ambulatoire-post-partum\/","name":"Service ambulatoire post-partum - Netzwerkstelle Hebammenversorgung","isPartOf":{"@id":"https:\/\/hebammen-ts-bgl.de\/fr\/#website"},"primaryImageOfPage":{"@id":"https:\/\/hebammen-ts-bgl.de\/fr\/pour-les-femmes-enceintes-les-parents\/service-ambulatoire-post-partum\/#primaryimage"},"image":{"@id":"https:\/\/hebammen-ts-bgl.de\/fr\/pour-les-femmes-enceintes-les-parents\/service-ambulatoire-post-partum\/#primaryimage"},"thumbnailUrl":"https:\/\/hebammen-ts-bgl.de\/wp-content\/uploads\/2022\/07\/Hebammen-Wochenbettambulanz-Traunstein-scaled-e1657525694158-225x300.jpg","datePublished":"2022-05-28T12:52:55+00:00","dateModified":"2026-01-15T12:54:01+00:00","breadcrumb":{"@id":"https:\/\/hebammen-ts-bgl.de\/fr\/pour-les-femmes-enceintes-les-parents\/service-ambulatoire-post-partum\/#breadcrumb"},"inLanguage":"fr-FR","potentialAction":[{"@type":"ReadAction","target":["https:\/\/hebammen-ts-bgl.de\/fr\/pour-les-femmes-enceintes-les-parents\/service-ambulatoire-post-partum\/"]}]},{"@type":"ImageObject","inLanguage":"fr-FR","@id":"https:\/\/hebammen-ts-bgl.de\/fr\/pour-les-femmes-enceintes-les-parents\/service-ambulatoire-post-partum\/#primaryimage","url":"https:\/\/hebammen-ts-bgl.de\/wp-content\/uploads\/2022\/07\/Hebammen-Wochenbettambulanz-Traunstein-scaled-e1657525694158-225x300.jpg","contentUrl":"https:\/\/hebammen-ts-bgl.de\/wp-content\/uploads\/2022\/07\/Hebammen-Wochenbettambulanz-Traunstein-scaled-e1657525694158-225x300.jpg"},{"@type":"BreadcrumbList","@id":"https:\/\/hebammen-ts-bgl.de\/fr\/pour-les-femmes-enceintes-les-parents\/service-ambulatoire-post-partum\/#breadcrumb","itemListElement":[{"@type":"ListItem","position":1,"name":"Startseite","item":"https:\/\/hebammen-ts-bgl.de\/fr\/"},{"@type":"ListItem","position":2,"name":"Pour les (futurs) parents","item":"https:\/\/hebammen-ts-bgl.de\/fr\/pour-les-femmes-enceintes-les-parents\/"},{"@type":"ListItem","position":3,"name":"Service ambulatoire post-partum"}]},{"@type":"WebSite","@id":"https:\/\/hebammen-ts-bgl.de\/fr\/#website","url":"https:\/\/hebammen-ts-bgl.de\/fr\/","name":"Netzwerkstelle Hebammenversorgung","description":"","potentialAction":[{"@type":"SearchAction","target":{"@type":"EntryPoint","urlTemplate":"https:\/\/hebammen-ts-bgl.de\/fr\/?s={search_term_string}"},"query-input":{"@type":"PropertyValueSpecification","valueRequired":true,"valueName":"search_term_string"}}],"inLanguage":"fr-FR"}]}},"_links":{"self":[{"href":"https:\/\/hebammen-ts-bgl.de\/fr\/wp-json\/wp\/v2\/pages\/2902","targetHints":{"allow":["GET"]}}],"collection":[{"href":"https:\/\/hebammen-ts-bgl.de\/fr\/wp-json\/wp\/v2\/pages"}],"about":[{"href":"https:\/\/hebammen-ts-bgl.de\/fr\/wp-json\/wp\/v2\/types\/page"}],"author":[{"embeddable":true,"href":"https:\/\/hebammen-ts-bgl.de\/fr\/wp-json\/wp\/v2\/users\/1"}],"replies":[{"embeddable":true,"href":"https:\/\/hebammen-ts-bgl.de\/fr\/wp-json\/wp\/v2\/comments?post=2902"}],"version-history":[{"count":11,"href":"https:\/\/hebammen-ts-bgl.de\/fr\/wp-json\/wp\/v2\/pages\/2902\/revisions"}],"predecessor-version":[{"id":3604,"href":"https:\/\/hebammen-ts-bgl.de\/fr\/wp-json\/wp\/v2\/pages\/2902\/revisions\/3604"}],"up":[{"embeddable":true,"href":"https:\/\/hebammen-ts-bgl.de\/fr\/wp-json\/wp\/v2\/pages\/2908"}],"wp:attachment":[{"href":"https:\/\/hebammen-ts-bgl.de\/fr\/wp-json\/wp\/v2\/media?parent=2902"}],"curies":[{"name":"wp","href":"https:\/\/api.w.org\/{rel}","templated":true}]}}